{"id":129688,"date":"2026-02-04T22:27:27","date_gmt":"2026-02-04T22:27:27","guid":{"rendered":"https:\/\/iumsonline.cloud\/cadre-scientifique-et-methodologique\/"},"modified":"2026-04-17T03:01:47","modified_gmt":"2026-04-17T03:01:47","slug":"cadre-scientifique-et-methodologique","status":"publish","type":"page","link":"https:\/\/iumsonline.cloud\/fr\/cadre-scientifique-et-methodologique\/","title":{"rendered":"Cadre scientifique et m\u00e9thodologique"},"content":{"rendered":"\t\t<div data-elementor-type=\"wp-page\" data-elementor-id=\"129688\" class=\"elementor elementor-129688 elementor-2419\" data-elementor-post-type=\"page\">\n\t\t\t\t<div class=\"elementor-element elementor-element-3b4f95bb e-con-full e-flex e-con e-parent\" data-id=\"3b4f95bb\" data-element_type=\"container\" data-e-type=\"container\">\n\t\t<div class=\"elementor-element elementor-element-253f4ced e-grid e-con-boxed e-con e-child\" data-id=\"253f4ced\" data-element_type=\"container\" data-e-type=\"container\">\n\t\t\t\t\t<div class=\"e-con-inner\">\n\t\t<div class=\"elementor-element elementor-element-24edcbd e-con-full e-flex e-con e-child\" data-id=\"24edcbd\" data-element_type=\"container\" data-e-type=\"container\">\n\t\t\t\t<div class=\"elementor-element elementor-element-ca1e6b7 elementor-widget__width-initial elementor-widget-tablet__width-inherit elementor-widget elementor-widget-heading\" data-id=\"ca1e6b7\" data-element_type=\"widget\" data-e-type=\"widget\" data-widget_type=\"heading.default\">\n\t\t\t\t\t<h2 class=\"elementor-heading-title elementor-size-default\">M\u00e9thodologie collective de l\u2019Ijtihad\n<\/h2>\t\t\t\t<\/div>\n\t\t\t\t<\/div>\n\t\t\t\t<div class=\"elementor-element elementor-element-25ca5f3a elementor-widget__width-initial elementor-widget-tablet__width-inherit elementor-widget elementor-widget-text-editor\" data-id=\"25ca5f3a\" data-element_type=\"widget\" data-e-type=\"widget\" data-widget_type=\"text-editor.default\">\n\t\t\t\t\t\t\t\t\t<p>Ce texte est un exemple de texte qui peut \u00eatre remplac\u00e9 dans le m\u00eame espace, il est g\u00e9n\u00e9r\u00e9 \u00e0 partir du g\u00e9n\u00e9rateur de texte des outils de la plateforme Nafli, o\u00f9 vous pouvez g\u00e9n\u00e9rer ce texte ou de nombreux autres textes en plus d\u2019augmenter le nombre de lettres g\u00e9n\u00e9r\u00e9es par l\u2019outil ; vous trouverez \u00e9galement de nombreux autres outils qui vous aideront dans votre vie quotidienne.   <\/p>\t\t\t\t\t\t\t\t<\/div>\n\t\t\t\t\t<\/div>\n\t\t\t\t<\/div>\n\t\t\t\t<div class=\"elementor-element elementor-element-7df81773 elementor-invisible elementor-widget elementor-widget-image\" data-id=\"7df81773\" data-element_type=\"widget\" data-e-type=\"widget\" data-settings=\"{&quot;_animation&quot;:&quot;fadeInUp&quot;,&quot;motion_fx_motion_fx_scrolling&quot;:&quot;yes&quot;,&quot;motion_fx_devices&quot;:[&quot;desktop&quot;,&quot;tablet&quot;,&quot;mobile&quot;]}\" data-widget_type=\"image.default\">\n\t\t\t\t\t\t\t\t\t\t\t\t\t\t\t<img fetchpriority=\"high\" decoding=\"async\" width=\"800\" height=\"515\" src=\"https:\/\/iumsonline.cloud\/wp-content\/uploads\/2025\/12\/526589_4681202209.jpg\" class=\"attachment-full size-full wp-image-129691\" alt=\"\" srcset=\"https:\/\/iumsonline.cloud\/wp-content\/uploads\/2025\/12\/526589_4681202209.jpg 800w, https:\/\/iumsonline.cloud\/wp-content\/uploads\/2025\/12\/526589_4681202209-300x193.jpg 300w, https:\/\/iumsonline.cloud\/wp-content\/uploads\/2025\/12\/526589_4681202209-768x494.jpg 768w\" sizes=\"(max-width: 800px) 100vw, 800px\" \/>\t\t\t\t\t\t\t\t\t\t\t\t\t\t\t<\/div>\n\t\t\t\t<\/div>\n\t\t<div class=\"elementor-element elementor-element-40aebde e-grid e-con-boxed e-con e-parent\" data-id=\"40aebde\" data-element_type=\"container\" data-e-type=\"container\">\n\t\t\t\t\t<div class=\"e-con-inner\">\n\t\t<div class=\"elementor-element elementor-element-f852f63 e-con-full e-flex e-con e-child\" data-id=\"f852f63\" data-element_type=\"container\" data-e-type=\"container\">\n\t\t\t\t<div class=\"elementor-element elementor-element-152ed42 elementor-widget__width-initial elementor-widget-tablet__width-inherit elementor-widget elementor-widget-heading\" data-id=\"152ed42\" data-element_type=\"widget\" data-e-type=\"widget\" data-widget_type=\"heading.default\">\n\t\t\t\t\t<h2 class=\"elementor-heading-title elementor-size-default\">M\u00e9thodologie collective de l\u2019Ijtihad\n<\/h2>\t\t\t\t<\/div>\n\t\t\t\t<div class=\"elementor-element elementor-element-0f0a477 elementor-widget__width-initial elementor-widget-tablet__width-inherit elementor-widget elementor-widget-text-editor\" data-id=\"0f0a477\" data-element_type=\"widget\" data-e-type=\"widget\" data-widget_type=\"text-editor.default\">\n\t\t\t\t\t\t\t\t\t<p>Ce texte est un exemple de texte qui peut \u00eatre remplac\u00e9 dans le m\u00eame espace, il est g\u00e9n\u00e9r\u00e9 \u00e0 partir du g\u00e9n\u00e9rateur de texte des outils de la plateforme Nafli, o\u00f9 vous pouvez g\u00e9n\u00e9rer ce texte ou de nombreux autres textes en plus d\u2019augmenter le nombre de lettres g\u00e9n\u00e9r\u00e9es par l\u2019outil ; vous trouverez \u00e9galement de nombreux autres outils qui vous aideront dans votre vie quotidienne.   <span style=\"letter-spacing: 0px; word-spacing: 0em;\">Ce texte est un exemple de texte qui peut \u00eatre remplac\u00e9 dans le m\u00eame espace, il est g\u00e9n\u00e9r\u00e9 \u00e0 partir du g\u00e9n\u00e9rateur de texte des outils de la plateforme Nafli, o\u00f9 vous pouvez g\u00e9n\u00e9rer ce texte ou de nombreux autres textes en plus d\u2019augmenter le nombre de lettres g\u00e9n\u00e9r\u00e9es par l\u2019outil ; vous trouverez \u00e9galement de nombreux autres outils qui vous aideront dans votre vie quotidienne.   <\/span><span style=\"letter-spacing: 0px; word-spacing: 0em;\">Ce texte est un exemple de texte qui peut \u00eatre remplac\u00e9 dans le m\u00eame espace, il est g\u00e9n\u00e9r\u00e9 \u00e0 partir du g\u00e9n\u00e9rateur de texte des outils de la plateforme Nafli, o\u00f9 vous pouvez g\u00e9n\u00e9rer ce texte ou de nombreux autres textes en plus d\u2019augmenter le nombre de lettres g\u00e9n\u00e9r\u00e9es par l\u2019outil ; vous trouverez \u00e9galement de nombreux autres outils qui vous aideront dans votre vie quotidienne.   <\/span><span style=\"letter-spacing: 0px; word-spacing: 0em;\">Ce texte est un exemple de texte qui peut \u00eatre remplac\u00e9 dans le m\u00eame espace, il est g\u00e9n\u00e9r\u00e9 \u00e0 partir du g\u00e9n\u00e9rateur de texte des outils de la plateforme Nafli, o\u00f9 vous pouvez g\u00e9n\u00e9rer ce texte ou de nombreux autres textes en plus d\u2019augmenter le nombre de lettres g\u00e9n\u00e9r\u00e9es par l\u2019outil ; vous trouverez \u00e9galement de nombreux autres outils qui vous aideront dans votre vie quotidienne.   <\/span><\/p>\t\t\t\t\t\t\t\t<\/div>\n\t\t\t\t<\/div>\n\t\t<div class=\"elementor-element elementor-element-4e1d87b e-con-full e-flex e-con e-child\" data-id=\"4e1d87b\" data-element_type=\"container\" data-e-type=\"container\" data-settings=\"{&quot;background_background&quot;:&quot;slideshow&quot;,&quot;background_slideshow_gallery&quot;:[{&quot;id&quot;:129693,&quot;url&quot;:&quot;https:\\\/\\\/iumsonline.cloud\\\/wp-content\\\/uploads\\\/2026\\\/01\\\/ChatGPT-Image-22-janv.-2026-18_35_51.png&quot;},{&quot;id&quot;:129695,&quot;url&quot;:&quot;https:\\\/\\\/iumsonline.cloud\\\/wp-content\\\/uploads\\\/2026\\\/01\\\/ChatGPT-Image-22-janv.-2026-18_34_15.png&quot;},{&quot;id&quot;:129698,&quot;url&quot;:&quot;https:\\\/\\\/iumsonline.cloud\\\/wp-content\\\/uploads\\\/2026\\\/01\\\/ChatGPT-Image-22-janv.-2026-18_42_51.png&quot;}],&quot;background_slideshow_ken_burns&quot;:&quot;yes&quot;,&quot;background_slideshow_loop&quot;:&quot;yes&quot;,&quot;background_slideshow_slide_duration&quot;:5000,&quot;background_slideshow_slide_transition&quot;:&quot;fade&quot;,&quot;background_slideshow_transition_duration&quot;:500,&quot;background_slideshow_ken_burns_zoom_direction&quot;:&quot;in&quot;}\">\n\t\t\t\t<\/div>\n\t\t\t\t\t<\/div>\n\t\t\t\t<\/div>\n\t\t\t\t<\/div>\n\t\t","protected":false},"excerpt":{"rendered":"<p>M\u00e9thodologie collective de l\u2019Ijtihad Ce texte est un exemple de texte qui peut \u00eatre remplac\u00e9 dans le m\u00eame espace, il est g\u00e9n\u00e9r\u00e9 \u00e0 partir du g\u00e9n\u00e9rateur de texte des outils de la plateforme Nafli, o\u00f9 vous pouvez g\u00e9n\u00e9rer ce texte ou de nombreux autres textes en plus d\u2019augmenter le nombre de lettres g\u00e9n\u00e9r\u00e9es par l\u2019outil [&hellip;]<\/p>\n","protected":false},"author":1,"featured_media":0,"parent":0,"menu_order":0,"comment_status":"closed","ping_status":"closed","template":"","meta":{"_acf_changed":false,"footnotes":""},"class_list":["post-129688","page","type-page","status-publish","hentry"],"acf":[],"_links":{"self":[{"href":"https:\/\/iumsonline.cloud\/fr\/wp-json\/wp\/v2\/pages\/129688","targetHints":{"allow":["GET"]}}],"collection":[{"href":"https:\/\/iumsonline.cloud\/fr\/wp-json\/wp\/v2\/pages"}],"about":[{"href":"https:\/\/iumsonline.cloud\/fr\/wp-json\/wp\/v2\/types\/page"}],"author":[{"embeddable":true,"href":"https:\/\/iumsonline.cloud\/fr\/wp-json\/wp\/v2\/users\/1"}],"replies":[{"embeddable":true,"href":"https:\/\/iumsonline.cloud\/fr\/wp-json\/wp\/v2\/comments?post=129688"}],"version-history":[{"count":3,"href":"https:\/\/iumsonline.cloud\/fr\/wp-json\/wp\/v2\/pages\/129688\/revisions"}],"predecessor-version":[{"id":129710,"href":"https:\/\/iumsonline.cloud\/fr\/wp-json\/wp\/v2\/pages\/129688\/revisions\/129710"}],"wp:attachment":[{"href":"https:\/\/iumsonline.cloud\/fr\/wp-json\/wp\/v2\/media?parent=129688"}],"curies":[{"name":"wp","href":"https:\/\/api.w.org\/{rel}","templated":true}]}}