{"id":129599,"date":"2026-01-07T07:56:17","date_gmt":"2026-01-07T07:56:17","guid":{"rendered":"https:\/\/iumsonline.cloud\/president-de-la-federation\/"},"modified":"2026-04-17T21:14:40","modified_gmt":"2026-04-17T21:14:40","slug":"president-de-la-federation","status":"publish","type":"page","link":"https:\/\/iumsonline.cloud\/fr\/president-de-la-federation\/","title":{"rendered":"Pr\u00e9sident de la F\u00e9d\u00e9ration"},"content":{"rendered":"\t\t<div data-elementor-type=\"wp-page\" data-elementor-id=\"129599\" class=\"elementor elementor-129599 elementor-1186\" data-elementor-post-type=\"page\">\n\t\t\t\t<div class=\"elementor-element elementor-element-ba30673 e-flex e-con-boxed e-con e-parent\" data-id=\"ba30673\" data-element_type=\"container\" data-e-type=\"container\">\n\t\t\t\t\t<div class=\"e-con-inner\">\n\t\t<div class=\"elementor-element elementor-element-2e2a072 e-grid e-con-boxed e-con e-child\" data-id=\"2e2a072\" data-element_type=\"container\" data-e-type=\"container\">\n\t\t\t\t\t<div class=\"e-con-inner\">\n\t\t<div class=\"elementor-element elementor-element-a2db674 e-con-full e-flex e-con e-child\" data-id=\"a2db674\" data-element_type=\"container\" data-e-type=\"container\">\n\t\t\t\t<div class=\"elementor-element elementor-element-a84656e elementor-widget elementor-widget-heading\" data-id=\"a84656e\" data-element_type=\"widget\" data-e-type=\"widget\" data-widget_type=\"heading.default\">\n\t\t\t\t\t<h2 class=\"elementor-heading-title elementor-size-default\">Son \u00c9minence le Cheikh Ali Mohiuddin Al-Qaradaghi<\/h2>\t\t\t\t<\/div>\n\t\t\t\t<div class=\"elementor-element elementor-element-222e8ba elementor-widget elementor-widget-heading\" data-id=\"222e8ba\" data-element_type=\"widget\" data-e-type=\"widget\" data-widget_type=\"heading.default\">\n\t\t\t\t\t<h2 class=\"elementor-heading-title elementor-size-default\">Pr\u00e9sident de l\u2019Union mondiale des savants musulmans<\/h2>\t\t\t\t<\/div>\n\t\t\t\t<div class=\"elementor-element elementor-element-6b07490 elementor-widget elementor-widget-text-editor\" data-id=\"6b07490\" data-element_type=\"widget\" data-e-type=\"widget\" data-widget_type=\"text-editor.default\">\n\t\t\t\t\t\t\t\t\t<p data-start=\"365\" data-end=\"535\">Le Prof. Dr Ali Mohieddin Ali Al-Qaradaghi est un sp\u00e9cialiste du droit et professeur d\u2019universit\u00e9, l\u2019un des plus \u00e9minents sp\u00e9cialistes de la jurisprudence islamique contemporaine, ainsi qu\u2019une autorit\u00e9 internationale en mati\u00e8re de droit des transactions financi\u00e8res et de l\u2019\u00e9conomie islamique.  <\/p><p data-start=\"537\" data-end=\"752\"><strong><span style=\"color: #0f73af;\">Il a particip\u00e9 \u00e0 la cr\u00e9ation<\/span><\/strong> de l\u2019Union mondiale des savants musulmans aux c\u00f4t\u00e9s d\u2019un groupe de chercheurs seniors du pays, et a contribu\u00e9 depuis sa cr\u00e9ation \u00e0 son leadership scientifique et intellectuel, occupant des postes cl\u00e9s au sein du conseil d\u2019administration et du bureau ex\u00e9cutif, et pr\u00e9sidant plusieurs comit\u00e9s sp\u00e9cialis\u00e9s.   <\/p><p data-start=\"754\" data-end=\"1005\">Il a combin\u00e9 <strong><span style=\"color: #0f73af;\">une formation scientifique authentique \u00e0 une \u00e9tude acad\u00e9mique approfondie,<\/span><\/strong> a obtenu des dipl\u00f4mes de chercheurs seniors, obtenu les plus hauts dipl\u00f4mes scientifiques \u00e0 l\u2019Universit\u00e9 Al-Azhar Al-Sharif, a \u00e9tudi\u00e9 et dirig\u00e9 des d\u00e9partements scientifiques, a particip\u00e9 en tant qu\u2019expert \u00e0 des conseils juridiques internationaux et a \u00e9t\u00e9 membre de conseils de surveillance de fatwas et de charia.    <\/p>\t\t\t\t\t\t\t\t<\/div>\n\t\t<div class=\"elementor-element elementor-element-9f111be e-con-full e-flex e-con e-child\" data-id=\"9f111be\" data-element_type=\"container\" data-e-type=\"container\" id=\"special_line_border\" data-settings=\"{&quot;background_background&quot;:&quot;classic&quot;}\">\n\t\t\t\t<div class=\"elementor-element elementor-element-e411022 elementor-widget elementor-widget-text-editor\" data-id=\"e411022\" data-element_type=\"widget\" data-e-type=\"widget\" data-widget_type=\"text-editor.default\">\n\t\t\t\t\t\t\t\t\t<p>Il a apport\u00e9 des contributions scientifiques pionni\u00e8res, des \u00e9crits et des recherches qui ont laiss\u00e9 un large impact sur les questions de jurisprudence, d\u2019\u00e9conomie et de pens\u00e9e islamique contemporaine, en plus de ses efforts de plaidoyer, de secours et humanitaires au service des causes de la nation. <\/p>\t\t\t\t\t\t\t\t<\/div>\n\t\t\t\t<\/div>\n\t\t\t\t<\/div>\n\t\t\t\t<div class=\"elementor-element elementor-element-b0b987a elementor-widget elementor-widget-image\" data-id=\"b0b987a\" data-element_type=\"widget\" data-e-type=\"widget\" data-widget_type=\"image.default\">\n\t\t\t\t\t\t\t\t\t\t\t\t\t\t\t<img fetchpriority=\"high\" decoding=\"async\" width=\"552\" height=\"832\" src=\"https:\/\/iumsonline.cloud\/wp-content\/uploads\/2026\/01\/Sans-titre-1.png\" class=\"attachment-large size-large wp-image-129608\" alt=\"\" srcset=\"https:\/\/iumsonline.cloud\/wp-content\/uploads\/2026\/01\/Sans-titre-1.png 552w, https:\/\/iumsonline.cloud\/wp-content\/uploads\/2026\/01\/Sans-titre-1-199x300.png 199w\" sizes=\"(max-width: 552px) 100vw, 552px\" \/>\t\t\t\t\t\t\t\t\t\t\t\t\t\t\t<\/div>\n\t\t\t\t\t<\/div>\n\t\t\t\t<\/div>\n\t\t\t\t\t<\/div>\n\t\t\t\t<\/div>\n\t\t<div class=\"elementor-element elementor-element-f3d41a2 e-grid e-con-boxed e-con e-parent\" data-id=\"f3d41a2\" data-element_type=\"container\" data-e-type=\"container\">\n\t\t\t\t\t<div class=\"e-con-inner\">\n\t\t\t\t<div class=\"elementor-element elementor-element-1f3453b elementor-widget elementor-widget-image\" data-id=\"1f3453b\" data-element_type=\"widget\" data-e-type=\"widget\" data-widget_type=\"image.default\">\n\t\t\t\t\t\t\t\t\t\t\t\t\t\t\t<img decoding=\"async\" width=\"716\" height=\"440\" src=\"https:\/\/iumsonline.cloud\/wp-content\/uploads\/2026\/01\/car.png\" class=\"attachment-large size-large wp-image-129612\" alt=\"\" srcset=\"https:\/\/iumsonline.cloud\/wp-content\/uploads\/2026\/01\/car.png 716w, https:\/\/iumsonline.cloud\/wp-content\/uploads\/2026\/01\/car-300x184.png 300w\" sizes=\"(max-width: 716px) 100vw, 716px\" \/>\t\t\t\t\t\t\t\t\t\t\t\t\t\t\t<\/div>\n\t\t<div class=\"elementor-element elementor-element-f504c1e e-con-full e-flex e-con e-child\" data-id=\"f504c1e\" data-element_type=\"container\" data-e-type=\"container\">\n\t\t\t\t<div class=\"elementor-element elementor-element-2658711 elementor-widget elementor-widget-heading\" data-id=\"2658711\" data-element_type=\"widget\" data-e-type=\"widget\" data-widget_type=\"heading.default\">\n\t\t\t\t\t<div class=\"elementor-heading-title elementor-size-default\">Pour consulter la biographie scientifique et la carri\u00e8re compl\u00e8te du cheikh,\n<\/div>\t\t\t\t<\/div>\n\t\t\t\t<div class=\"elementor-element elementor-element-c18641b elementor-align-justify elementor-widget elementor-widget-button\" data-id=\"c18641b\" data-element_type=\"widget\" data-e-type=\"widget\" data-widget_type=\"button.default\">\n\t\t\t\t\t\t\t\t\t\t<a class=\"elementor-button elementor-button-link elementor-size-sm\" href=\"https:\/\/drive.google.com\/file\/d\/1HKMSqwtITTbF-udT-Pj6l9b1h06GWJWG\/view?usp=sharing\" target=\"_blank\">\n\t\t\t\t\t\t<span class=\"elementor-button-content-wrapper\">\n\t\t\t\t\t\t\t\t\t<span class=\"elementor-button-text\">Cliquez ici<\/span>\n\t\t\t\t\t<\/span>\n\t\t\t\t\t<\/a>\n\t\t\t\t\t\t\t\t<\/div>\n\t\t\t\t<\/div>\n\t\t\t\t\t<\/div>\n\t\t\t\t<\/div>\n\t\t<div class=\"elementor-element elementor-element-560a3d1 e-flex e-con-boxed e-con e-parent\" data-id=\"560a3d1\" data-element_type=\"container\" data-e-type=\"container\" data-settings=\"{&quot;background_background&quot;:&quot;classic&quot;}\">\n\t\t\t\t\t<div class=\"e-con-inner\">\n\t\t\t\t\t<\/div>\n\t\t\t\t<\/div>\n\t\t<div class=\"elementor-element elementor-element-b73a871 e-flex e-con-boxed e-con e-parent\" data-id=\"b73a871\" data-element_type=\"container\" data-e-type=\"container\" data-settings=\"{&quot;background_background&quot;:&quot;classic&quot;}\">\n\t\t\t\t\t<div class=\"e-con-inner\">\n\t\t<div class=\"elementor-element elementor-element-60112cc e-con-full e-flex e-con e-child\" data-id=\"60112cc\" data-element_type=\"container\" data-e-type=\"container\">\n\t\t\t\t<div class=\"elementor-element elementor-element-0152928 animated-slow elementor-invisible elementor-widget elementor-widget-heading\" data-id=\"0152928\" data-element_type=\"widget\" data-e-type=\"widget\" data-settings=\"{&quot;_animation&quot;:&quot;fadeIn&quot;}\" data-widget_type=\"heading.default\">\n\t\t\t\t\t<h2 class=\"elementor-heading-title elementor-size-default\">Message du pr\u00e9sident<\/h2>\t\t\t\t<\/div>\n\t\t\t\t<div class=\"elementor-element elementor-element-961ef7e elementor-widget elementor-widget-template\" data-id=\"961ef7e\" data-element_type=\"widget\" data-e-type=\"widget\" data-widget_type=\"template.default\">\n\t\t\t\t<div class=\"elementor-widget-container\">\n\t\t\t\t\t\t\t<div class=\"elementor-template\">\n\t\t\t\t\t<div data-elementor-type=\"container\" data-elementor-id=\"96870\" class=\"elementor elementor-96870 elementor-595 elementor-595\" data-elementor-post-type=\"elementor_library\">\n\t\t\t\t<div class=\"elementor-element elementor-element-0d65bca e-flex e-con-boxed e-con e-parent\" data-id=\"0d65bca\" data-element_type=\"container\" data-e-type=\"container\">\n\t\t\t\t\t<div class=\"e-con-inner\">\n\t\t\t\t<div class=\"elementor-element elementor-element-62a823f elementor-widget-divider--view-line elementor-widget elementor-widget-divider\" data-id=\"62a823f\" data-element_type=\"widget\" data-e-type=\"widget\" data-widget_type=\"divider.default\">\n\t\t\t\t\t\t\t<div class=\"elementor-divider\">\n\t\t\t<span class=\"elementor-divider-separator\">\n\t\t\t\t\t\t<\/span>\n\t\t<\/div>\n\t\t\t\t\t\t<\/div>\n\t\t\t\t\t<\/div>\n\t\t\t\t<\/div>\n\t\t\t\t<\/div>\n\t\t\t\t<\/div>\n\t\t\t\t\t\t<\/div>\n\t\t\t\t<\/div>\n\t\t\t\t<\/div>\n\t\t\t\t<div class=\"elementor-element elementor-element-d4853b8 elementor-widget elementor-widget-text-editor\" data-id=\"d4853b8\" data-element_type=\"widget\" data-e-type=\"widget\" data-widget_type=\"text-editor.default\">\n\t\t\t\t\t\t\t\t\t<p><span style=\"font-weight: 400;\">L\u2019une des phrases les plus c\u00e9l\u00e8bres et largement r\u00e9pandues est celle du philosophe allemand Ren\u00e9 Descartes : \u00ab<\/span> <b>Je pense, donc j\u2019existe<\/b><span style=\"font-weight: 400;\">. \u00bb Cela peut \u00eatre vrai \u00e0 deux \u00e9gards :<\/span><\/p><p><span style=\"color: #333399;\"><strong>Premi\u00e8rement : <\/strong><\/span><span style=\"font-weight: 400;\">En consid\u00e9rant l\u2019existence d\u2019une personne en elle-m\u00eame et avec elle-m\u00eame, tant qu\u2019il r\u00e9fl\u00e9chit, il atteint sa subjectivit\u00e9 et ressent sa personnalit\u00e9 et son existence&#8230; Ce sens n\u2019apporte rien de nouveau, et ne donne pas de sens existentiel autre que ce qui est pour tous les \u00eatres.<\/span><\/p><p><span style=\"color: #333399;\"><strong>Deuxi\u00e8mement : <\/strong><\/span><span style=\"font-weight: 400;\">Compte tenu de la pr\u00e9sence active qui influence le penseur, celui-ci existe avec son efficacit\u00e9 intellectuelle et son influence. C\u2019est le sens propre de cette expression, son poids et sa renomm\u00e9e.<\/span><\/p><p><span style=\"font-weight: 400;\">Mais qu\u2019en est-il de ceux qui r\u00e9fl\u00e9chissent et prolongent leurs pens\u00e9es, mais qui n\u2019en ont aucune trace ni de leurs pens\u00e9es dans la r\u00e9alit\u00e9 autour d\u2019eux ?! Est-ce consid\u00e9r\u00e9 comme existant, ou comme inexistant ? Ou est-ce dans le jugement des d\u00e9munis ?!    <\/span><\/p><p><span style=\"font-weight: 400;\">\u00c0 une \u00e9poque o\u00f9 les m\u00e9dias bourdonnent et sont bond\u00e9s d\u2019actualit\u00e9s sur des politiciens, acteurs, chanteurs, putschistes, athl\u00e8tes et types de gays. Nous trouvons de nombreux scientifiques, philosophes et penseurs qui sont obs\u00e9d\u00e9s et marginalis\u00e9s, qui ne connaissent pas leurs pens\u00e9es, et qui ne sont pas entendus ! J\u2019ai souvent demand\u00e9 \u00e0 certains scientifiques et philosophes contemporains : Untel est-il mort, ou est-il toujours vivant ? Je trouve \u00e0 peine une bonne r\u00e9ponse, m\u00eame parmi ceux qui \u00e9taient leurs coll\u00e8gues et \u00e9tudiants !         Voici les embouchures de leur embouchure qui indiquent :  <\/span><b>Je pense, mais je n\u2019existe pas de toute fa\u00e7on ! <\/b><\/p><p><span style=\"font-weight: 400;\">Alors pourquoi cette \u00e9trange et mis\u00e9rable r\u00e9alit\u00e9 pour de nombreux scientifiques et intellectuels ?<\/span><\/p><p><span style=\"font-weight: 400;\">La r\u00e9ponse est : parce que les m\u00e9dias ne se souciaient pas d\u2019eux, et que leurs propri\u00e9taires ne les voulaient pas, et parce qu\u2019ils ne pouvaient pas leur r\u00e9server une place dans la foule des m\u00e9dias, ils sont devenus comme s\u2019ils n\u2019existaient pas. <\/span><b>Ce qui existe est dans la r\u00e9alit\u00e9, mais ce qui existe dans les m\u00e9dias.<\/b><\/p><p><span style=\"font-weight: 400;\">Aujourd\u2019hui, nous pouvons dire : <\/span><b>je suis pr\u00e9sent dans les m\u00e9dias, donc j\u2019existe.<\/b><\/p><p><span style=\"font-weight: 400;\">L\u2019occasion de ce discours est cette nouvelle \u00e9tape m\u00e9diatique de l\u2019Union internationale des savants musulmans, la cr\u00e9ation d\u2019un nouveau site web ou d\u2019un nouveau site, destin\u00e9 \u00e0 \u00eatre un phare pour les savants et intellectuels, leurs id\u00e9es et leur jurisprudence, et \u00e0 \u00eatre au niveau de la comp\u00e9tition requise, afin d\u2019accomplir la mission de l\u2019Union, d\u2019atteindre la pr\u00e9sence r\u00e9elle des \u00e9rudits religieux et la campagne du drapeau de la charia.       <\/span><\/p><p><span style=\"font-weight: 400;\">L\u2019attention m\u00e9diatique et la visibilit\u00e9 m\u00e9diatique des scientifiques et intellectuels, ainsi que de leurs opinions, positions, activit\u00e9s et productions, \u00e9quivaut \u00e0 leur renaissance ainsi que leur statut. Redonner vie au statut et \u00e0 la fonction des \u00e9rudits est une vie de religion, de science et de bon travail constructif. {Et celui qui la ressuscite, c\u2019est comme s\u2019il avait ressuscit\u00e9 tout le peuple} [Al-Ma\u2019idah 32].        <\/span><\/p><p><span style=\"font-weight: 400;\">Aujourd\u2019hui, les m\u00e9dias sont devenus \u00ab vivants et morts \u00bb ; ils peuvent ramener \u00e0 la vie ceux qui m\u00e9ritent d\u2019\u00eatre ressuscit\u00e9s, ils peuvent raviver les \u00e9checs futiles, ils gonflent les nains, et ils \u00e9clipsent les drapeaux. Il peut mettre en lumi\u00e8re et clarifier les faits, les d\u00e9former, ou les an\u00e9antir et les tuer. Il peut adopter et r\u00e9pandre des mensonges, les embellir et les soutenir. Les m\u00e9dias sont ceux qui cr\u00e9ent et diffusent des concepts, des termes, des id\u00e9es et des th\u00e9ories, des humeurs et des d\u00e9sirs.           <\/span><\/p><p><span style=\"font-weight: 400;\">Aujourd\u2019hui, les m\u00e9dias sont le moyen et le canal les plus puissants pour pr\u00eacher et diffuser divers appels et croyances, ce qui est bon et ce qui est corrompu. <\/span><\/p><p><span style=\"font-weight: 400;\">Pour cette raison, l\u2019Union mondiale des savants musulmans cherche \u2013 et appelle \u2013 \u00e0 consolider, \u00e9tendre et activer autant que possible la pr\u00e9sence des \u00e9rudits et des pr\u00e9dicateurs dans le domaine m\u00e9diatique. <\/span><\/p><p><span style=\"font-weight: 400;\">Il prend donc cette initiative, esp\u00e9rant le soutien et la coop\u00e9ration de tous les savants, intellectuels et \u00e9crivains islamiques, tout en remerciant les soldats de l\u2019\u00e9quipe moudjahidine, bas\u00e9e sur ce site web et sur les plateformes de communication de l\u2019Union, y compris les m\u00e9dias, techniciens et administrateurs.      <\/span><\/p><p><span style=\"font-weight: 400;\">Merci \u00e0 Allah \u00e0 tous, et accepte de tous amen, <em>et \u00ab Allah ne gaspille pas la r\u00e9compense de ceux qui font le bien \u00bb<\/em> [at-Tawbah : 120].  <\/span><\/p>\t\t\t\t\t\t\t\t<\/div>\n\t\t\t\t\t<\/div>\n\t\t\t\t<\/div>\n\t\t<div class=\"elementor-element elementor-element-c6cc37c e-flex e-con-boxed e-con e-parent\" data-id=\"c6cc37c\" data-element_type=\"container\" data-e-type=\"container\" data-settings=\"{&quot;background_background&quot;:&quot;classic&quot;}\">\n\t\t\t\t\t<div class=\"e-con-inner\">\n\t\t<div class=\"elementor-element elementor-element-3d87fd0 e-con-full e-flex e-con e-child\" data-id=\"3d87fd0\" data-element_type=\"container\" data-e-type=\"container\">\n\t\t\t\t<div class=\"elementor-element elementor-element-9a13882 animated-slow elementor-invisible elementor-widget elementor-widget-heading\" data-id=\"9a13882\" data-element_type=\"widget\" data-e-type=\"widget\" data-settings=\"{&quot;_animation&quot;:&quot;fadeIn&quot;}\" data-widget_type=\"heading.default\">\n\t\t\t\t\t<h2 class=\"elementor-heading-title elementor-size-default\">Contributions au savoir<\/h2>\t\t\t\t<\/div>\n\t\t\t\t<div class=\"elementor-element elementor-element-6a2c379 elementor-widget elementor-widget-template\" data-id=\"6a2c379\" data-element_type=\"widget\" data-e-type=\"widget\" data-widget_type=\"template.default\">\n\t\t\t\t<div class=\"elementor-widget-container\">\n\t\t\t\t\t\t\t<div class=\"elementor-template\">\n\t\t\t\t\t<div data-elementor-type=\"container\" data-elementor-id=\"96870\" class=\"elementor elementor-96870 elementor-595 elementor-595\" data-elementor-post-type=\"elementor_library\">\n\t\t\t\t<div class=\"elementor-element elementor-element-0d65bca e-flex e-con-boxed e-con e-parent\" data-id=\"0d65bca\" data-element_type=\"container\" data-e-type=\"container\">\n\t\t\t\t\t<div class=\"e-con-inner\">\n\t\t\t\t<div class=\"elementor-element elementor-element-62a823f elementor-widget-divider--view-line elementor-widget elementor-widget-divider\" data-id=\"62a823f\" data-element_type=\"widget\" data-e-type=\"widget\" data-widget_type=\"divider.default\">\n\t\t\t\t\t\t\t<div class=\"elementor-divider\">\n\t\t\t<span class=\"elementor-divider-separator\">\n\t\t\t\t\t\t<\/span>\n\t\t<\/div>\n\t\t\t\t\t\t<\/div>\n\t\t\t\t\t<\/div>\n\t\t\t\t<\/div>\n\t\t\t\t<\/div>\n\t\t\t\t<\/div>\n\t\t\t\t\t\t<\/div>\n\t\t\t\t<\/div>\n\t\t\t\t<div class=\"elementor-element elementor-element-5cd4a65 elementor-grid-4 elementor-grid-tablet-2 elementor-grid-mobile-1 elementor-widget elementor-widget-loop-grid\" data-id=\"5cd4a65\" data-element_type=\"widget\" data-e-type=\"widget\" data-settings=\"{&quot;template_id&quot;:96616,&quot;pagination_type&quot;:&quot;load_more_on_click&quot;,&quot;columns&quot;:4,&quot;_skin&quot;:&quot;post&quot;,&quot;columns_tablet&quot;:&quot;2&quot;,&quot;columns_mobile&quot;:&quot;1&quot;,&quot;edit_handle_selector&quot;:&quot;[data-elementor-type=\\&quot;loop-item\\&quot;]&quot;,&quot;load_more_spinner&quot;:{&quot;value&quot;:&quot;fas fa-spinner&quot;,&quot;library&quot;:&quot;fa-solid&quot;},&quot;row_gap&quot;:{&quot;unit&quot;:&quot;px&quot;,&quot;size&quot;:&quot;&quot;,&quot;sizes&quot;:[]},&quot;row_gap_tablet&quot;:{&quot;unit&quot;:&quot;px&quot;,&quot;size&quot;:&quot;&quot;,&quot;sizes&quot;:[]},&quot;row_gap_mobile&quot;:{&quot;unit&quot;:&quot;px&quot;,&quot;size&quot;:&quot;&quot;,&quot;sizes&quot;:[]}}\" data-widget_type=\"loop-grid.post\">\n\t\t\t\t<div class=\"elementor-widget-container\">\n\t\t\t\t\t\t\t<div class=\"e-loop-nothing-found-message\">\n\t\t\t\t\t<div class=\"e-loop-nothing-found-message__text\">\n\t\t\t\tLes livres n\u2019ont pas encore \u00e9t\u00e9 mis en ligne\t\t\t<\/div>\n\t\t\t<\/div>\n\t\t\t\t\t\t<\/div>\n\t\t\t\t<\/div>\n\t\t\t\t<\/div>\n\t\t\t\t\t<\/div>\n\t\t\t\t<\/div>\n\t\t\t\t<\/div>\n\t\t","protected":false},"excerpt":{"rendered":"<p>Son \u00c9minence le Cheikh Ali Mohiuddin Al-Qaradaghi Pr\u00e9sident de l\u2019Union mondiale des savants musulmans Le Prof. Dr Ali Mohieddin Ali Al-Qaradaghi est un sp\u00e9cialiste du droit et professeur d\u2019universit\u00e9, l\u2019un des plus \u00e9minents sp\u00e9cialistes de la jurisprudence islamique contemporaine, ainsi qu\u2019une autorit\u00e9 internationale en mati\u00e8re de droit des transactions financi\u00e8res et de l\u2019\u00e9conomie islamique. Il [&hellip;]<\/p>\n","protected":false},"author":1,"featured_media":0,"parent":0,"menu_order":0,"comment_status":"closed","ping_status":"closed","template":"","meta":{"_acf_changed":false,"footnotes":""},"class_list":["post-129599","page","type-page","status-publish","hentry"],"acf":[],"_links":{"self":[{"href":"https:\/\/iumsonline.cloud\/fr\/wp-json\/wp\/v2\/pages\/129599","targetHints":{"allow":["GET"]}}],"collection":[{"href":"https:\/\/iumsonline.cloud\/fr\/wp-json\/wp\/v2\/pages"}],"about":[{"href":"https:\/\/iumsonline.cloud\/fr\/wp-json\/wp\/v2\/types\/page"}],"author":[{"embeddable":true,"href":"https:\/\/iumsonline.cloud\/fr\/wp-json\/wp\/v2\/users\/1"}],"replies":[{"embeddable":true,"href":"https:\/\/iumsonline.cloud\/fr\/wp-json\/wp\/v2\/comments?post=129599"}],"version-history":[{"count":4,"href":"https:\/\/iumsonline.cloud\/fr\/wp-json\/wp\/v2\/pages\/129599\/revisions"}],"predecessor-version":[{"id":130821,"href":"https:\/\/iumsonline.cloud\/fr\/wp-json\/wp\/v2\/pages\/129599\/revisions\/130821"}],"wp:attachment":[{"href":"https:\/\/iumsonline.cloud\/fr\/wp-json\/wp\/v2\/media?parent=129599"}],"curies":[{"name":"wp","href":"https:\/\/api.w.org\/{rel}","templated":true}]}}