{"id":129027,"date":"2026-02-04T23:21:25","date_gmt":"2026-02-04T23:21:25","guid":{"rendered":"https:\/\/iumsonline.cloud\/dar-al-fatwa-departement-de-la-recherche-scientifique\/"},"modified":"2026-04-17T21:15:20","modified_gmt":"2026-04-17T21:15:20","slug":"dar-al-fatwa-departement-de-la-recherche-scientifique","status":"publish","type":"page","link":"https:\/\/iumsonline.cloud\/fr\/dar-al-fatwa-departement-de-la-recherche-scientifique\/","title":{"rendered":"Dar al-Fatwa \u2013 D\u00e9partement de la Recherche Scientifique"},"content":{"rendered":"\t\t<div data-elementor-type=\"wp-page\" data-elementor-id=\"129027\" class=\"elementor elementor-129027 elementor-2430\" data-elementor-post-type=\"page\">\n\t\t\t\t<div class=\"elementor-element elementor-element-6e03937 e-flex e-con-boxed e-con e-parent\" data-id=\"6e03937\" data-element_type=\"container\" data-e-type=\"container\">\n\t\t\t\t\t<div class=\"e-con-inner\">\n\t\t<div class=\"elementor-element elementor-element-566254d e-con-full e-flex e-con e-child\" data-id=\"566254d\" data-element_type=\"container\" data-e-type=\"container\" data-settings=\"{&quot;background_background&quot;:&quot;classic&quot;}\">\n\t\t\t\t<div class=\"elementor-element elementor-element-876ca25 elementor-widget elementor-widget-heading\" data-id=\"876ca25\" data-element_type=\"widget\" data-e-type=\"widget\" data-widget_type=\"heading.default\">\n\t\t\t\t\t<h2 class=\"elementor-heading-title elementor-size-default\">D\u00e9finition et sp\u00e9cialisation du d\u00e9partement<\/h2>\t\t\t\t<\/div>\n\t\t\t\t<div class=\"elementor-element elementor-element-46d5182 elementor-widget elementor-widget-text-editor\" data-id=\"46d5182\" data-element_type=\"widget\" data-e-type=\"widget\" data-widget_type=\"text-editor.default\">\n\t\t\t\t\t\t\t\t\t<p>Dar al-Fatwa est une section scientifique au sein de l\u2019axe des affaires scientifiques de l\u2019Union internationale des savants musulmans, li\u00e9e au travail de l\u2019Ijtihad et du Comit\u00e9 de la Fatwa, et qui s\u2019occupe du suivi des affaires des fatwas et des questions contemporaines, ainsi que de la contribution \u00e0 la pr\u00e9paration de documents scientifiques et de recherches li\u00e9s \u00e0 la fatwa, en soutien au travail du comit\u00e9 et des instances comp\u00e9tentes de l\u2019Union.    <\/p><p>Le d\u00e9partement \u0153uvre \u00e0 servir la d\u00e9claration de la charia dans les questions g\u00e9n\u00e9rales, et \u00e0 relier la fatwa \u00e0 ses principes juridiques et objectifs globaux, en tenant compte de la jurisprudence de la r\u00e9alit\u00e9 et du destin, d\u2019une mani\u00e8re qui favorise une approche de mod\u00e9ration et de mod\u00e9ration, et qui sert les enjeux de la nation et de l\u2019humanit\u00e9.    <\/p>\t\t\t\t\t\t\t\t<\/div>\n\t\t\t\t<\/div>\n\t\t<div class=\"elementor-element elementor-element-d837188 e-con-full e-flex e-con e-child\" data-id=\"d837188\" data-element_type=\"container\" data-e-type=\"container\" data-settings=\"{&quot;background_background&quot;:&quot;classic&quot;}\">\n\t\t\t\t<div class=\"elementor-element elementor-element-3fd0eea elementor-widget elementor-widget-heading\" data-id=\"3fd0eea\" data-element_type=\"widget\" data-e-type=\"widget\" data-widget_type=\"heading.default\">\n\t\t\t\t\t<h2 class=\"elementor-heading-title elementor-size-default\">  M\u00e9thodologie des fatwas et des d\u00e9cisions<\/h2>\t\t\t\t<\/div>\n\t\t\t\t<div class=\"elementor-element elementor-element-ac89927 elementor-widget elementor-widget-text-editor\" data-id=\"ac89927\" data-element_type=\"widget\" data-e-type=\"widget\" data-widget_type=\"text-editor.default\">\n\t\t\t\t\t\t\t\t\t<p>La philosophie du Comit\u00e9 de la Fatwa de la F\u00e9d\u00e9ration repose sur la restauration de la fatwa en tant qu\u2019\u00e9nonc\u00e9 de la d\u00e9cision de la charia dans les conflits individuels et collectifs, sur la base du lien entre la d\u00e9cision et ses preuves et son objectif, et la prise en compte de la r\u00e9alit\u00e9, des cons\u00e9quences et de la r\u00e9alisation du mandat. Le Comit\u00e9 cherche \u00e0 surmonter le r\u00e9ductionnisme contemporain de la fatwa sous des formes partielles, litt\u00e9rales, partisanes et sectaires, en la relan\u00e7ant en cinq volets : l\u2019holistique (fatwa g\u00e9n\u00e9rale), le global (\u00e9largissement du champ de vision), l\u2019objectif (son accent sur la r\u00e9v\u00e9lation dans un cadre objectif global de deux objectifs), le cognitif int\u00e9gratif (ouverture au droit et aux sciences humaines, aux sciences sociales et politiques) et l\u2019institutionnel (ijtihad collectif aux r\u00e9sultats pratiques). Cette philosophie se traduit \u00e0 travers des cadres scientifiques, de formation et op\u00e9rationnels, et ses projets incluent : des fatwas s\u00e9lectionn\u00e9es sur les questions soulev\u00e9es et le Manuel de la Fatwa, qui \u00e9tablit des normes et des proc\u00e9dures disciplinaires pour les fatwas.            <\/p>\t\t\t\t\t\t\t\t<\/div>\n\t\t\t\t<\/div>\n\t\t\t\t\t<\/div>\n\t\t\t\t<\/div>\n\t\t<div class=\"elementor-element elementor-element-b38c586 e-flex e-con-boxed e-con e-parent\" data-id=\"b38c586\" data-element_type=\"container\" data-e-type=\"container\">\n\t\t\t\t\t<div class=\"e-con-inner\">\n\t\t\t\t<div class=\"elementor-element elementor-element-e3acc82 elementor-widget elementor-widget-heading\" data-id=\"e3acc82\" data-element_type=\"widget\" data-e-type=\"widget\" data-widget_type=\"heading.default\">\n\t\t\t\t\t<h2 class=\"elementor-heading-title elementor-size-default\">R\u00e9solutions<\/h2>\t\t\t\t<\/div>\n\t\t\t\t<div class=\"elementor-element elementor-element-06cdf21 elementor-grid-3 elementor-grid-tablet-2 elementor-grid-mobile-1 elementor-widget elementor-widget-loop-grid\" data-id=\"06cdf21\" data-element_type=\"widget\" data-e-type=\"widget\" data-settings=\"{&quot;template_id&quot;:96636,&quot;pagination_type&quot;:&quot;load_more_on_click&quot;,&quot;columns&quot;:3,&quot;_skin&quot;:&quot;post&quot;,&quot;columns_tablet&quot;:&quot;2&quot;,&quot;columns_mobile&quot;:&quot;1&quot;,&quot;edit_handle_selector&quot;:&quot;[data-elementor-type=\\&quot;loop-item\\&quot;]&quot;,&quot;load_more_spinner&quot;:{&quot;value&quot;:&quot;fas fa-spinner&quot;,&quot;library&quot;:&quot;fa-solid&quot;},&quot;row_gap&quot;:{&quot;unit&quot;:&quot;px&quot;,&quot;size&quot;:&quot;&quot;,&quot;sizes&quot;:[]},&quot;row_gap_tablet&quot;:{&quot;unit&quot;:&quot;px&quot;,&quot;size&quot;:&quot;&quot;,&quot;sizes&quot;:[]},&quot;row_gap_mobile&quot;:{&quot;unit&quot;:&quot;px&quot;,&quot;size&quot;:&quot;&quot;,&quot;sizes&quot;:[]}}\" data-widget_type=\"loop-grid.post\">\n\t\t\t\t<div class=\"elementor-widget-container\">\n\t\t\t\t\t\t\t<div class=\"e-loop-nothing-found-message\">\n\t\t\t\t\t<div class=\"e-loop-nothing-found-message__text\">\n\t\t\t\tIl semble que nous ne trouvions pas ce que vous recherchez.\t\t\t<\/div>\n\t\t\t<\/div>\n\t\t\t\t\t\t<\/div>\n\t\t\t\t<\/div>\n\t\t\t\t\t<\/div>\n\t\t\t\t<\/div>\n\t\t<div class=\"elementor-element elementor-element-b577841 e-flex e-con-boxed e-con e-parent\" data-id=\"b577841\" data-element_type=\"container\" data-e-type=\"container\">\n\t\t\t\t\t<div class=\"e-con-inner\">\n\t\t<div class=\"elementor-element elementor-element-59aa021 e-con-full e-flex e-con e-child\" data-id=\"59aa021\" data-element_type=\"container\" data-e-type=\"container\" data-settings=\"{&quot;background_background&quot;:&quot;classic&quot;}\">\n\t\t\t\t<div class=\"elementor-element elementor-element-e0e6c8c elementor-widget elementor-widget-heading\" data-id=\"e0e6c8c\" data-element_type=\"widget\" data-e-type=\"widget\" data-widget_type=\"heading.default\">\n\t\t\t\t\t<h2 class=\"elementor-heading-title elementor-size-default\">Fatwas du Comit\u00e9 pour l\u2019Ijtihad et la Fatwa<\/h2>\t\t\t\t<\/div>\n\t\t\t\t<div class=\"elementor-element elementor-element-bc64680 elementor-grid-3 elementor-grid-tablet-2 elementor-grid-mobile-1 elementor-widget elementor-widget-loop-grid\" data-id=\"bc64680\" data-element_type=\"widget\" data-e-type=\"widget\" data-settings=\"{&quot;template_id&quot;:96905,&quot;columns&quot;:3,&quot;masonry&quot;:&quot;yes&quot;,&quot;pagination_type&quot;:&quot;numbers&quot;,&quot;_skin&quot;:&quot;post&quot;,&quot;columns_tablet&quot;:&quot;2&quot;,&quot;columns_mobile&quot;:&quot;1&quot;,&quot;edit_handle_selector&quot;:&quot;[data-elementor-type=\\&quot;loop-item\\&quot;]&quot;,&quot;pagination_load_type&quot;:&quot;page_reload&quot;,&quot;row_gap&quot;:{&quot;unit&quot;:&quot;px&quot;,&quot;size&quot;:&quot;&quot;,&quot;sizes&quot;:[]},&quot;row_gap_tablet&quot;:{&quot;unit&quot;:&quot;px&quot;,&quot;size&quot;:&quot;&quot;,&quot;sizes&quot;:[]},&quot;row_gap_mobile&quot;:{&quot;unit&quot;:&quot;px&quot;,&quot;size&quot;:&quot;&quot;,&quot;sizes&quot;:[]}}\" data-widget_type=\"loop-grid.post\">\n\t\t\t\t<div class=\"elementor-widget-container\">\n\t\t\t\t\t\t\t<div class=\"e-loop-nothing-found-message\">\n\t\t<\/div>\n\t\t\t\t\t\t<\/div>\n\t\t\t\t<\/div>\n\t\t\t\t<\/div>\n\t\t\t\t\t<\/div>\n\t\t\t\t<\/div>\n\t\t<div class=\"elementor-element elementor-element-e9864b9 e-flex e-con-boxed e-con e-parent\" data-id=\"e9864b9\" data-element_type=\"container\" data-e-type=\"container\">\n\t\t\t\t\t<div class=\"e-con-inner\">\n\t\t<div class=\"elementor-element elementor-element-18ea5d1 e-con-full e-flex e-con e-child\" data-id=\"18ea5d1\" data-element_type=\"container\" data-e-type=\"container\" data-settings=\"{&quot;background_background&quot;:&quot;classic&quot;}\">\n\t\t\t\t<div class=\"elementor-element elementor-element-6f422e1 elementor-widget elementor-widget-heading\" data-id=\"6f422e1\" data-element_type=\"widget\" data-e-type=\"widget\" data-widget_type=\"heading.default\">\n\t\t\t\t\t<h2 class=\"elementor-heading-title elementor-size-default\">Fatwas des membres<\/h2>\t\t\t\t<\/div>\n\t\t\t\t<div class=\"elementor-element elementor-element-486572e elementor-grid-3 elementor-grid-tablet-2 elementor-grid-mobile-1 elementor-widget elementor-widget-loop-grid\" data-id=\"486572e\" data-element_type=\"widget\" data-e-type=\"widget\" data-settings=\"{&quot;template_id&quot;:96905,&quot;columns&quot;:3,&quot;masonry&quot;:&quot;yes&quot;,&quot;pagination_type&quot;:&quot;numbers&quot;,&quot;_skin&quot;:&quot;post&quot;,&quot;columns_tablet&quot;:&quot;2&quot;,&quot;columns_mobile&quot;:&quot;1&quot;,&quot;edit_handle_selector&quot;:&quot;[data-elementor-type=\\&quot;loop-item\\&quot;]&quot;,&quot;pagination_load_type&quot;:&quot;page_reload&quot;,&quot;row_gap&quot;:{&quot;unit&quot;:&quot;px&quot;,&quot;size&quot;:&quot;&quot;,&quot;sizes&quot;:[]},&quot;row_gap_tablet&quot;:{&quot;unit&quot;:&quot;px&quot;,&quot;size&quot;:&quot;&quot;,&quot;sizes&quot;:[]},&quot;row_gap_mobile&quot;:{&quot;unit&quot;:&quot;px&quot;,&quot;size&quot;:&quot;&quot;,&quot;sizes&quot;:[]}}\" data-widget_type=\"loop-grid.post\">\n\t\t\t\t<div class=\"elementor-widget-container\">\n\t\t\t\t\t\t\t<div class=\"e-loop-nothing-found-message\">\n\t\t<\/div>\n\t\t\t\t\t\t<\/div>\n\t\t\t\t<\/div>\n\t\t\t\t<\/div>\n\t\t\t\t\t<\/div>\n\t\t\t\t<\/div>\n\t\t<div class=\"elementor-element elementor-element-ab88a36 e-flex e-con-boxed e-con e-child\" data-id=\"ab88a36\" data-element_type=\"container\" data-e-type=\"container\">\n\t\t\t\t\t<div class=\"e-con-inner\">\n\t\t\t\t<div class=\"elementor-element elementor-element-490de47 elementor-widget elementor-widget-heading\" data-id=\"490de47\" data-element_type=\"widget\" data-e-type=\"widget\" data-widget_type=\"heading.default\">\n\t\t\t\t\t<h2 class=\"elementor-heading-title elementor-size-default\">Projets<\/h2>\t\t\t\t<\/div>\n\t\t\t\t<div class=\"elementor-element elementor-element-938f63f elementor-grid-3 elementor-grid-tablet-2 elementor-grid-mobile-1 elementor-widget elementor-widget-loop-grid\" data-id=\"938f63f\" data-element_type=\"widget\" data-e-type=\"widget\" data-settings=\"{&quot;template_id&quot;:96636,&quot;pagination_type&quot;:&quot;load_more_on_click&quot;,&quot;columns&quot;:3,&quot;_skin&quot;:&quot;post&quot;,&quot;columns_tablet&quot;:&quot;2&quot;,&quot;columns_mobile&quot;:&quot;1&quot;,&quot;edit_handle_selector&quot;:&quot;[data-elementor-type=\\&quot;loop-item\\&quot;]&quot;,&quot;load_more_spinner&quot;:{&quot;value&quot;:&quot;fas fa-spinner&quot;,&quot;library&quot;:&quot;fa-solid&quot;},&quot;row_gap&quot;:{&quot;unit&quot;:&quot;px&quot;,&quot;size&quot;:&quot;&quot;,&quot;sizes&quot;:[]},&quot;row_gap_tablet&quot;:{&quot;unit&quot;:&quot;px&quot;,&quot;size&quot;:&quot;&quot;,&quot;sizes&quot;:[]},&quot;row_gap_mobile&quot;:{&quot;unit&quot;:&quot;px&quot;,&quot;size&quot;:&quot;&quot;,&quot;sizes&quot;:[]}}\" data-widget_type=\"loop-grid.post\">\n\t\t\t\t<div class=\"elementor-widget-container\">\n\t\t\t\t\t\t\t<div class=\"e-loop-nothing-found-message\">\n\t\t\t\t\t<div class=\"e-loop-nothing-found-message__text\">\n\t\t\t\tIl semble que nous ne trouvions pas ce que vous recherchez.\t\t\t<\/div>\n\t\t\t<\/div>\n\t\t\t\t\t\t<\/div>\n\t\t\t\t<\/div>\n\t\t\t\t\t<\/div>\n\t\t\t\t<\/div>\n\t\t\t\t<\/div>\n\t\t","protected":false},"excerpt":{"rendered":"<p>D\u00e9finition et sp\u00e9cialisation du d\u00e9partement Dar al-Fatwa est une section scientifique au sein de l\u2019axe des affaires scientifiques de l\u2019Union internationale des savants musulmans, li\u00e9e au travail de l\u2019Ijtihad et du Comit\u00e9 de la Fatwa, et qui s\u2019occupe du suivi des affaires des fatwas et des questions contemporaines, ainsi que de la contribution \u00e0 la [&hellip;]<\/p>\n","protected":false},"author":1,"featured_media":0,"parent":0,"menu_order":0,"comment_status":"closed","ping_status":"closed","template":"","meta":{"_acf_changed":false,"footnotes":""},"class_list":["post-129027","page","type-page","status-publish","hentry"],"acf":[],"_links":{"self":[{"href":"https:\/\/iumsonline.cloud\/fr\/wp-json\/wp\/v2\/pages\/129027","targetHints":{"allow":["GET"]}}],"collection":[{"href":"https:\/\/iumsonline.cloud\/fr\/wp-json\/wp\/v2\/pages"}],"about":[{"href":"https:\/\/iumsonline.cloud\/fr\/wp-json\/wp\/v2\/types\/page"}],"author":[{"embeddable":true,"href":"https:\/\/iumsonline.cloud\/fr\/wp-json\/wp\/v2\/users\/1"}],"replies":[{"embeddable":true,"href":"https:\/\/iumsonline.cloud\/fr\/wp-json\/wp\/v2\/comments?post=129027"}],"version-history":[{"count":2,"href":"https:\/\/iumsonline.cloud\/fr\/wp-json\/wp\/v2\/pages\/129027\/revisions"}],"predecessor-version":[{"id":130845,"href":"https:\/\/iumsonline.cloud\/fr\/wp-json\/wp\/v2\/pages\/129027\/revisions\/130845"}],"wp:attachment":[{"href":"https:\/\/iumsonline.cloud\/fr\/wp-json\/wp\/v2\/media?parent=129027"}],"curies":[{"name":"wp","href":"https:\/\/api.w.org\/{rel}","templated":true}]}}