{"id":128975,"date":"2026-03-17T00:57:00","date_gmt":"2026-03-17T00:57:00","guid":{"rendered":"https:\/\/iumsonline.cloud\/identite-visuelle\/"},"modified":"2026-04-17T02:51:02","modified_gmt":"2026-04-17T02:51:02","slug":"identite-visuelle","status":"publish","type":"page","link":"https:\/\/iumsonline.cloud\/fr\/identite-visuelle\/","title":{"rendered":"Identit\u00e9 visuelle"},"content":{"rendered":"\t\t<div data-elementor-type=\"wp-page\" data-elementor-id=\"128975\" class=\"elementor elementor-128975 elementor-3101\" data-elementor-post-type=\"page\">\n\t\t\t\t<div class=\"elementor-element elementor-element-bc49539 e-flex e-con-boxed e-con e-parent\" data-id=\"bc49539\" data-element_type=\"container\" data-e-type=\"container\">\n\t\t\t\t\t<div class=\"e-con-inner\">\n\t\t\t\t<div class=\"elementor-element elementor-element-5396f00 elementor-widget elementor-widget-image\" data-id=\"5396f00\" data-element_type=\"widget\" data-e-type=\"widget\" data-widget_type=\"image.default\">\n\t\t\t\t\t\t\t\t\t\t\t\t\t\t\t<img fetchpriority=\"high\" decoding=\"async\" width=\"739\" height=\"1024\" src=\"https:\/\/iumsonline.cloud\/wp-content\/uploads\/2026\/02\/logo-under-black-739x1024.png\" class=\"attachment-large size-large wp-image-128983\" alt=\"\" srcset=\"https:\/\/iumsonline.cloud\/wp-content\/uploads\/2026\/02\/logo-under-black-739x1024.png 739w, https:\/\/iumsonline.cloud\/wp-content\/uploads\/2026\/02\/logo-under-black-216x300.png 216w, https:\/\/iumsonline.cloud\/wp-content\/uploads\/2026\/02\/logo-under-black-768x1064.png 768w, https:\/\/iumsonline.cloud\/wp-content\/uploads\/2026\/02\/logo-under-black-1108x1536.png 1108w, https:\/\/iumsonline.cloud\/wp-content\/uploads\/2026\/02\/logo-under-black-1478x2048.png 1478w, https:\/\/iumsonline.cloud\/wp-content\/uploads\/2026\/02\/logo-under-black-scaled.png 1847w\" sizes=\"(max-width: 739px) 100vw, 739px\" \/>\t\t\t\t\t\t\t\t\t\t\t\t\t\t\t<\/div>\n\t\t<div class=\"elementor-element elementor-element-d09b8d5 e-con-full e-flex e-con e-child\" data-id=\"d09b8d5\" data-element_type=\"container\" data-e-type=\"container\">\n\t\t\t\t<div class=\"elementor-element elementor-element-89bcb2e elementor-widget elementor-widget-heading\" data-id=\"89bcb2e\" data-element_type=\"widget\" data-e-type=\"widget\" data-widget_type=\"heading.default\">\n\t\t\t\t\t<h2 class=\"elementor-heading-title elementor-size-default\">Symbolisme du logo<\/h2>\t\t\t\t<\/div>\n\t\t\t\t<div class=\"elementor-element elementor-element-36547f7 elementor-widget-divider--view-line elementor-widget elementor-widget-divider\" data-id=\"36547f7\" data-element_type=\"widget\" data-e-type=\"widget\" data-widget_type=\"divider.default\">\n\t\t\t\t\t\t\t<div class=\"elementor-divider\">\n\t\t\t<span class=\"elementor-divider-separator\">\n\t\t\t\t\t\t<\/span>\n\t\t<\/div>\n\t\t\t\t\t\t<\/div>\n\t\t\t\t<div class=\"elementor-element elementor-element-a2de348 elementor-widget elementor-widget-text-editor\" data-id=\"a2de348\" data-element_type=\"widget\" data-e-type=\"widget\" data-widget_type=\"text-editor.default\">\n\t\t\t\t\t\t\t\t\t<p>Le logo refl\u00e8te l\u2019identit\u00e9 de l\u2019Union \u00e0 travers le symbolisme de l\u2019islam, de la science, de l\u2019unit\u00e9 mondiale et de l\u2019influence juridique. Le design est original et simple, avec des \u00e9l\u00e9ments coh\u00e9rents illustrant la mission de l\u2019organisation de diffuser la jurisprudence islamique mod\u00e9r\u00e9e \u00e0 l\u2019\u00e9chelle mondiale,<strong> \u00e0 savoir :<\/strong>    <\/p>\t\t\t\t\t\t\t\t<\/div>\n\t\t<div class=\"elementor-element elementor-element-b061089 e-con-full e-grid e-con e-child\" data-id=\"b061089\" data-element_type=\"container\" data-e-type=\"container\">\n\t\t<div class=\"elementor-element elementor-element-689a011 e-con-full e-flex e-con e-child\" data-id=\"689a011\" data-element_type=\"container\" data-e-type=\"container\">\n\t\t<div class=\"elementor-element elementor-element-2a72737 e-con-full e-flex e-con e-child\" data-id=\"2a72737\" data-element_type=\"container\" data-e-type=\"container\" data-settings=\"{&quot;background_background&quot;:&quot;classic&quot;}\">\n\t\t\t\t<div class=\"elementor-element elementor-element-23e955b elementor-position-top elementor-widget elementor-widget-image-box\" data-id=\"23e955b\" data-element_type=\"widget\" data-e-type=\"widget\" data-widget_type=\"image-box.default\">\n\t\t\t\t\t<div class=\"elementor-image-box-wrapper\"><figure class=\"elementor-image-box-img\"><img decoding=\"async\" width=\"50\" height=\"478\" src=\"https:\/\/iumsonline.cloud\/wp-content\/uploads\/2026\/03\/com-1.png\" class=\"attachment-full size-full wp-image-128976\" alt=\"\" \/><\/figure><div class=\"elementor-image-box-content\"><h3 class=\"elementor-image-box-title\">Minaret et Croissant :<\/h3><\/div><\/div>\t\t\t\t<\/div>\n\t\t\t\t<\/div>\n\t\t<div class=\"elementor-element elementor-element-272f456 e-con-full e-flex e-con e-child\" data-id=\"272f456\" data-element_type=\"container\" data-e-type=\"container\" data-settings=\"{&quot;background_background&quot;:&quot;classic&quot;}\">\n\t\t\t\t<div class=\"elementor-element elementor-element-53e2fbb elementor-widget elementor-widget-text-editor\" data-id=\"53e2fbb\" data-element_type=\"widget\" data-e-type=\"widget\" data-widget_type=\"text-editor.default\">\n\t\t\t\t\t\t\t\t\t<p>Le minaret repr\u00e9sente l\u2019islam et la jurisprudence islamique, car il est consid\u00e9r\u00e9 comme un symbole des mosqu\u00e9es qui s\u2019int\u00e9ressent \u00e0 la diffusion du savoir et \u00e0 la da\u2019wah. <\/p><p>Le croissant au-dessus du minaret refl\u00e8te l\u2019identit\u00e9 et l\u2019h\u00e9ritage islamiques.<\/p>\t\t\t\t\t\t\t\t<\/div>\n\t\t\t\t<\/div>\n\t\t\t\t<\/div>\n\t\t<div class=\"elementor-element elementor-element-092e203 e-con-full e-flex e-con e-child\" data-id=\"092e203\" data-element_type=\"container\" data-e-type=\"container\">\n\t\t<div class=\"elementor-element elementor-element-a1f1bbb e-con-full e-flex e-con e-child\" data-id=\"a1f1bbb\" data-element_type=\"container\" data-e-type=\"container\" data-settings=\"{&quot;background_background&quot;:&quot;classic&quot;}\">\n\t\t\t\t<div class=\"elementor-element elementor-element-517fb78 elementor-position-top elementor-widget elementor-widget-image-box\" data-id=\"517fb78\" data-element_type=\"widget\" data-e-type=\"widget\" data-widget_type=\"image-box.default\">\n\t\t\t\t\t<div class=\"elementor-image-box-wrapper\"><figure class=\"elementor-image-box-img\"><img decoding=\"async\" width=\"329\" height=\"330\" src=\"https:\/\/iumsonline.cloud\/wp-content\/uploads\/2026\/03\/com-2.png\" class=\"attachment-full size-full wp-image-128977\" alt=\"\" srcset=\"https:\/\/iumsonline.cloud\/wp-content\/uploads\/2026\/03\/com-2.png 329w, https:\/\/iumsonline.cloud\/wp-content\/uploads\/2026\/03\/com-2-300x300.png 300w, https:\/\/iumsonline.cloud\/wp-content\/uploads\/2026\/03\/com-2-150x150.png 150w, https:\/\/iumsonline.cloud\/wp-content\/uploads\/2026\/03\/com-2-70x70.png 70w\" sizes=\"(max-width: 329px) 100vw, 329px\" \/><\/figure><div class=\"elementor-image-box-content\"><h3 class=\"elementor-image-box-title\">Balle<br> Sol :<\/h3><\/div><\/div>\t\t\t\t<\/div>\n\t\t\t\t<\/div>\n\t\t<div class=\"elementor-element elementor-element-f7ec016 e-con-full e-flex e-con e-child\" data-id=\"f7ec016\" data-element_type=\"container\" data-e-type=\"container\" data-settings=\"{&quot;background_background&quot;:&quot;classic&quot;}\">\n\t\t\t\t<div class=\"elementor-element elementor-element-a1ff6be elementor-widget elementor-widget-text-editor\" data-id=\"a1ff6be\" data-element_type=\"widget\" data-e-type=\"widget\" data-widget_type=\"text-editor.default\">\n\t\t\t\t\t\t\t\t\t<p>La nature mondiale de la f\u00e9d\u00e9ration, o\u00f9 se r\u00e9unissent des \u00e9rudits de diff\u00e9rents pays et sectes islamiques. <\/p><p>Cela symbolise que le message de l\u2019islam et de la science islamique s\u2019adresse \u00e0 tous les musulmans du monde.<\/p>\t\t\t\t\t\t\t\t<\/div>\n\t\t\t\t<\/div>\n\t\t\t\t<\/div>\n\t\t<div class=\"elementor-element elementor-element-54fc572 e-con-full e-flex e-con e-child\" data-id=\"54fc572\" data-element_type=\"container\" data-e-type=\"container\">\n\t\t<div class=\"elementor-element elementor-element-ae09bb8 e-con-full e-flex e-con e-child\" data-id=\"ae09bb8\" data-element_type=\"container\" data-e-type=\"container\" data-settings=\"{&quot;background_background&quot;:&quot;classic&quot;}\">\n\t\t\t\t<div class=\"elementor-element elementor-element-4498036 elementor-position-top elementor-widget elementor-widget-image-box\" data-id=\"4498036\" data-element_type=\"widget\" data-e-type=\"widget\" data-widget_type=\"image-box.default\">\n\t\t\t\t\t<div class=\"elementor-image-box-wrapper\"><figure class=\"elementor-image-box-img\"><img loading=\"lazy\" decoding=\"async\" width=\"213\" height=\"171\" src=\"https:\/\/iumsonline.cloud\/wp-content\/uploads\/2026\/03\/com-3.png\" class=\"attachment-full size-full wp-image-128978\" alt=\"\" \/><\/figure><div class=\"elementor-image-box-content\"><h3 class=\"elementor-image-box-title\">Livre ouvert :<\/h3><\/div><\/div>\t\t\t\t<\/div>\n\t\t\t\t<\/div>\n\t\t<div class=\"elementor-element elementor-element-d52ed67 e-con-full e-flex e-con e-child\" data-id=\"d52ed67\" data-element_type=\"container\" data-e-type=\"container\" data-settings=\"{&quot;background_background&quot;:&quot;classic&quot;}\">\n\t\t\t\t<div class=\"elementor-element elementor-element-72b51e3 elementor-widget elementor-widget-text-editor\" data-id=\"72b51e3\" data-element_type=\"widget\" data-e-type=\"widget\" data-widget_type=\"text-editor.default\">\n\t\t\t\t\t\t\t\t\t<p>Elle symbolise la science islamique, le savoir et la jurisprudence, et constitue le centre du travail de l\u2019Union en \u00e9mission de fatwas et en fournissant des orientations religieuses. <\/p><p>Il refl\u00e8te l\u2019importance du Saint Coran et de la Sunna du Proph\u00e8te comme fondement de la jurisprudence islamique.<\/p>\t\t\t\t\t\t\t\t<\/div>\n\t\t\t\t<\/div>\n\t\t\t\t<\/div>\n\t\t<div class=\"elementor-element elementor-element-114eca7 e-con-full e-flex e-con e-child\" data-id=\"114eca7\" data-element_type=\"container\" data-e-type=\"container\">\n\t\t<div class=\"elementor-element elementor-element-f6e2ba6 e-con-full e-flex e-con e-child\" data-id=\"f6e2ba6\" data-element_type=\"container\" data-e-type=\"container\" data-settings=\"{&quot;background_background&quot;:&quot;classic&quot;}\">\n\t\t\t\t<div class=\"elementor-element elementor-element-9687767 elementor-position-top elementor-widget elementor-widget-image-box\" data-id=\"9687767\" data-element_type=\"widget\" data-e-type=\"widget\" data-widget_type=\"image-box.default\">\n\t\t\t\t\t<div class=\"elementor-image-box-wrapper\"><figure class=\"elementor-image-box-img\"><img loading=\"lazy\" decoding=\"async\" width=\"435\" height=\"448\" src=\"https:\/\/iumsonline.cloud\/wp-content\/uploads\/2026\/03\/com-4.png\" class=\"attachment-full size-full wp-image-128979\" alt=\"\" srcset=\"https:\/\/iumsonline.cloud\/wp-content\/uploads\/2026\/03\/com-4.png 435w, https:\/\/iumsonline.cloud\/wp-content\/uploads\/2026\/03\/com-4-291x300.png 291w\" sizes=\"(max-width: 435px) 100vw, 435px\" \/><\/figure><div class=\"elementor-image-box-content\"><h3 class=\"elementor-image-box-title\">La ligne<br>Arabe :<\/h3><\/div><\/div>\t\t\t\t<\/div>\n\t\t\t\t<\/div>\n\t\t<div class=\"elementor-element elementor-element-3a99144 e-con-full e-flex e-con e-child\" data-id=\"3a99144\" data-element_type=\"container\" data-e-type=\"container\" data-settings=\"{&quot;background_background&quot;:&quot;classic&quot;}\">\n\t\t\t\t<div class=\"elementor-element elementor-element-7724f96 elementor-widget elementor-widget-text-editor\" data-id=\"7724f96\" data-element_type=\"widget\" data-e-type=\"widget\" data-widget_type=\"text-editor.default\">\n\t\t\t\t\t\t\t\t\t<p>Cela refl\u00e8te l\u2019identit\u00e9 islamique. Elle est entour\u00e9e du verset 39 de la sourate Al-Ahzab, qui souligne le r\u00f4le fondamental des savants dans la diffusion du savoir juridique sans crainte ni h\u00e9sitation, fond\u00e9e sur la pi\u00e9t\u00e9 et l\u2019engagement envers la v\u00e9rit\u00e9.  <\/p>\t\t\t\t\t\t\t\t<\/div>\n\t\t\t\t<\/div>\n\t\t\t\t<\/div>\n\t\t<div class=\"elementor-element elementor-element-fffe80e e-con-full e-flex e-con e-child\" data-id=\"fffe80e\" data-element_type=\"container\" data-e-type=\"container\">\n\t\t<div class=\"elementor-element elementor-element-277e14f e-con-full e-flex e-con e-child\" data-id=\"277e14f\" data-element_type=\"container\" data-e-type=\"container\" data-settings=\"{&quot;background_background&quot;:&quot;classic&quot;}\">\n\t\t\t\t<div class=\"elementor-element elementor-element-cac5454 elementor-position-top elementor-widget elementor-widget-image-box\" data-id=\"cac5454\" data-element_type=\"widget\" data-e-type=\"widget\" data-widget_type=\"image-box.default\">\n\t\t\t\t\t<div class=\"elementor-image-box-wrapper\"><figure class=\"elementor-image-box-img\"><img loading=\"lazy\" decoding=\"async\" width=\"629\" height=\"295\" src=\"https:\/\/iumsonline.cloud\/wp-content\/uploads\/2026\/03\/com-5.png\" class=\"attachment-full size-full wp-image-128980\" alt=\"\" srcset=\"https:\/\/iumsonline.cloud\/wp-content\/uploads\/2026\/03\/com-5.png 629w, https:\/\/iumsonline.cloud\/wp-content\/uploads\/2026\/03\/com-5-300x141.png 300w\" sizes=\"(max-width: 629px) 100vw, 629px\" \/><\/figure><div class=\"elementor-image-box-content\"><h3 class=\"elementor-image-box-title\">R\u00e9daction en arabe et en anglais :<\/h3><\/div><\/div>\t\t\t\t<\/div>\n\t\t\t\t<\/div>\n\t\t<div class=\"elementor-element elementor-element-7a80b17 e-con-full e-flex e-con e-child\" data-id=\"7a80b17\" data-element_type=\"container\" data-e-type=\"container\" data-settings=\"{&quot;background_background&quot;:&quot;classic&quot;}\">\n\t\t\t\t<div class=\"elementor-element elementor-element-fd5812a elementor-widget elementor-widget-text-editor\" data-id=\"fd5812a\" data-element_type=\"widget\" data-e-type=\"widget\" data-widget_type=\"text-editor.default\">\n\t\t\t\t\t\t\t\t\t<p>Il illustre la nature mondiale de la f\u00e9d\u00e9ration, alors qu\u2019elle s\u2019adresse aux musulmans du monde entier. <\/p>\t\t\t\t\t\t\t\t<\/div>\n\t\t\t\t<\/div>\n\t\t\t\t<\/div>\n\t\t\t\t<\/div>\n\t\t\t\t<\/div>\n\t\t\t\t\t<\/div>\n\t\t\t\t<\/div>\n\t\t<div class=\"elementor-element elementor-element-fe0c1ec e-flex e-con-boxed e-con e-parent\" data-id=\"fe0c1ec\" data-element_type=\"container\" data-e-type=\"container\">\n\t\t\t\t\t<div class=\"e-con-inner\">\n\t\t\t\t<div class=\"elementor-element elementor-element-853e3be elementor-widget elementor-widget-heading\" data-id=\"853e3be\" data-element_type=\"widget\" data-e-type=\"widget\" data-widget_type=\"heading.default\">\n\t\t\t\t\t<h2 class=\"elementor-heading-title elementor-size-default\">Couleurs du logo<\/h2>\t\t\t\t<\/div>\n\t\t\t\t<div class=\"elementor-element elementor-element-f625d22 elementor-widget-divider--view-line elementor-widget elementor-widget-divider\" data-id=\"f625d22\" data-element_type=\"widget\" data-e-type=\"widget\" data-widget_type=\"divider.default\">\n\t\t\t\t\t\t\t<div class=\"elementor-divider\">\n\t\t\t<span class=\"elementor-divider-separator\">\n\t\t\t\t\t\t<\/span>\n\t\t<\/div>\n\t\t\t\t\t\t<\/div>\n\t\t\t\t<div class=\"elementor-element elementor-element-ed6c306 elementor-widget elementor-widget-text-editor\" data-id=\"ed6c306\" data-element_type=\"widget\" data-e-type=\"widget\" data-widget_type=\"text-editor.default\">\n\t\t\t\t\t\t\t\t\t<p>Les couleurs primaires choisies refl\u00e8tent une combinaison de s\u00e9rieux, d\u2019originalit\u00e9 et de confiance, et sont utilis\u00e9es pour les titres et les textes principaux, qui sont trois groupes de base : <\/p>\t\t\t\t\t\t\t\t<\/div>\n\t\t\t\t<div class=\"elementor-element elementor-element-ca70640 elementor-widget elementor-widget-image\" data-id=\"ca70640\" data-element_type=\"widget\" data-e-type=\"widget\" data-widget_type=\"image.default\">\n\t\t\t\t\t\t\t\t\t\t\t\t\t\t\t<img loading=\"lazy\" decoding=\"async\" width=\"800\" height=\"33\" src=\"https:\/\/iumsonline.cloud\/wp-content\/uploads\/2026\/03\/Sans-titre-5-1024x42.png\" class=\"attachment-large size-large wp-image-128981\" alt=\"\" srcset=\"https:\/\/iumsonline.cloud\/wp-content\/uploads\/2026\/03\/Sans-titre-5-1024x42.png 1024w, https:\/\/iumsonline.cloud\/wp-content\/uploads\/2026\/03\/Sans-titre-5-300x12.png 300w, https:\/\/iumsonline.cloud\/wp-content\/uploads\/2026\/03\/Sans-titre-5-768x32.png 768w, https:\/\/iumsonline.cloud\/wp-content\/uploads\/2026\/03\/Sans-titre-5-1536x64.png 1536w, https:\/\/iumsonline.cloud\/wp-content\/uploads\/2026\/03\/Sans-titre-5-2048x85.png 2048w\" sizes=\"(max-width: 800px) 100vw, 800px\" \/>\t\t\t\t\t\t\t\t\t\t\t\t\t\t\t<\/div>\n\t\t\t\t\t<\/div>\n\t\t\t\t<\/div>\n\t\t<div class=\"elementor-element elementor-element-35fc0f2 e-flex e-con-boxed e-con e-parent\" data-id=\"35fc0f2\" data-element_type=\"container\" data-e-type=\"container\">\n\t\t\t\t\t<div class=\"e-con-inner\">\n\t\t\t\t<div class=\"elementor-element elementor-element-c947ef3 elementor-align-justify elementor-widget elementor-widget-button\" data-id=\"c947ef3\" data-element_type=\"widget\" data-e-type=\"widget\" data-widget_type=\"button.default\">\n\t\t\t\t\t\t\t\t\t\t<a class=\"elementor-button elementor-button-link elementor-size-sm\" href=\"https:\/\/iumsonline.cloud\/fr\/%d8%a7%d9%84%d9%87%d9%88%d9%8a%d8%a9-%d8%a7%d9%84%d8%a8%d8%b5%d8%b1%d9%8a%d8%a9-2\/\" target=\"_blank\">\n\t\t\t\t\t\t<span class=\"elementor-button-content-wrapper\">\n\t\t\t\t\t\t\t\t\t<span class=\"elementor-button-text\">T\u00e9l\u00e9charger l\u2019identit\u00e9 visuelle<\/span>\n\t\t\t\t\t<\/span>\n\t\t\t\t\t<\/a>\n\t\t\t\t\t\t\t\t<\/div>\n\t\t\t\t\t<\/div>\n\t\t\t\t<\/div>\n\t\t\t\t<\/div>\n\t\t","protected":false},"excerpt":{"rendered":"<p>Symbolisme du logo Le logo refl\u00e8te l\u2019identit\u00e9 de l\u2019Union \u00e0 travers le symbolisme de l\u2019islam, de la science, de l\u2019unit\u00e9 mondiale et de l\u2019influence juridique. Le design est original et simple, avec des \u00e9l\u00e9ments coh\u00e9rents illustrant la mission de l\u2019organisation de diffuser la jurisprudence islamique mod\u00e9r\u00e9e \u00e0 l\u2019\u00e9chelle mondiale, \u00e0 savoir : Minaret et Croissant [&hellip;]<\/p>\n","protected":false},"author":1,"featured_media":0,"parent":0,"menu_order":0,"comment_status":"closed","ping_status":"closed","template":"","meta":{"_acf_changed":false,"footnotes":""},"class_list":["post-128975","page","type-page","status-publish","hentry"],"acf":[],"_links":{"self":[{"href":"https:\/\/iumsonline.cloud\/fr\/wp-json\/wp\/v2\/pages\/128975","targetHints":{"allow":["GET"]}}],"collection":[{"href":"https:\/\/iumsonline.cloud\/fr\/wp-json\/wp\/v2\/pages"}],"about":[{"href":"https:\/\/iumsonline.cloud\/fr\/wp-json\/wp\/v2\/types\/page"}],"author":[{"embeddable":true,"href":"https:\/\/iumsonline.cloud\/fr\/wp-json\/wp\/v2\/users\/1"}],"replies":[{"embeddable":true,"href":"https:\/\/iumsonline.cloud\/fr\/wp-json\/wp\/v2\/comments?post=128975"}],"version-history":[{"count":1,"href":"https:\/\/iumsonline.cloud\/fr\/wp-json\/wp\/v2\/pages\/128975\/revisions"}],"predecessor-version":[{"id":128986,"href":"https:\/\/iumsonline.cloud\/fr\/wp-json\/wp\/v2\/pages\/128975\/revisions\/128986"}],"wp:attachment":[{"href":"https:\/\/iumsonline.cloud\/fr\/wp-json\/wp\/v2\/media?parent=128975"}],"curies":[{"name":"wp","href":"https:\/\/api.w.org\/{rel}","templated":true}]}}